{"id":15,"date":"2019-12-15T16:53:23","date_gmt":"2019-12-15T15:53:23","guid":{"rendered":"http:\/\/reiki-usui.bzh\/?page_id=15"},"modified":"2020-10-24T16:32:47","modified_gmt":"2020-10-24T14:32:47","slug":"reiki-kesako","status":"publish","type":"page","link":"https:\/\/reiki-usui.bzh\/index.php\/reiki-kesako\/","title":{"rendered":"Reiki kesako ?"},"content":{"rendered":"\n<h4 class=\"wp-block-heading\">Qu&rsquo;est-ce que le Reiki ?<\/h4>\n\n\n\n<p>Le Reiki est une Voie d&rsquo;\u00e9volution spirituelle et \u00e9nerg\u00e9tique formalis\u00e9e par Mikao Usui au d\u00e9but du XX\u00e8me si\u00e8cle au Japon. Cette m\u00e9thode permet, notamment par l\u2019imposition des mains, de se reconnecter \u00e0 l\u2019\u00c9nergie Universelle, de \u00ab\u00a0s\u2019accorder \u00e0 la m\u00eame fr\u00e9quence\u00a0\u00bb, afin de recouvrer la vitalit\u00e9 permettant d\u2019activer le processus naturel de gu\u00e9rison dans les trois plans physique, psycho-\u00e9motionnel et spirituel.<\/p>\n\n\n\n<p style=\"text-align:center\"><em><strong>\u00ab\u00a0Le Reiki est tout \u00e0 la fois un art de gu\u00e9rison et un art de vivre\u00a0\u00bb. (Don Alexander)<\/strong><\/em><\/p>\n\n\n\n<p>Comme nous l&rsquo;explique Patrice Gros, \u00ab\u00a0<em>beaucoup enseignent et pratiquent l\u2019aspect technique du Reiki. Par exemple, celui-ci est utilis\u00e9 comme une technique de soin \u00e9nerg\u00e9tique, dont l\u2019aspect spirituel n\u2019est pas forc\u00e9ment repr\u00e9sentatif. Cette forme de Reiki est utilis\u00e9 davantage pour soigner les sympt\u00f4mes ou la \u00ab&nbsp;partie malade&nbsp;\u00bb, ou comme une technique de mieux-\u00eatre holistique et de relaxation. Mais bien s\u00fbr, au niveau de l\u2019\u00e9nergie, cela reste toujours du Reiki. Pour ma part, bien que l\u2019aspect technique soit inclus, j\u2019enseigne le Reiki comme nous permettant d\u2019entrer en r\u00e9sonance avec la dimension de compl\u00e9tude et de gu\u00e9rison intrins\u00e8que qui si\u00e8ge en chacun, et il constitue en cela un chemin d\u2019\u00e9veil spirituel<\/em>.\u00a0\u00bb<\/p>\n\n\n\n<p>Le mot Reiki est d\u2019origine japonaise et est compos\u00e9 de deux kanji :<\/p>\n\n\n\n<div class=\"wp-block-media-text alignwide\" style=\"grid-template-columns:25% auto\"><figure class=\"wp-block-media-text__media\"><img loading=\"lazy\" decoding=\"async\" width=\"520\" height=\"1024\" src=\"http:\/\/reiki-usui.bzh\/wp-content\/uploads\/2019\/12\/reiki-kanji-ancien-2-520x1024.jpg\" alt=\"\" class=\"wp-image-18\" srcset=\"https:\/\/reiki-usui.bzh\/wp-content\/uploads\/2019\/12\/reiki-kanji-ancien-2-520x1024.jpg 520w, https:\/\/reiki-usui.bzh\/wp-content\/uploads\/2019\/12\/reiki-kanji-ancien-2-152x300.jpg 152w, https:\/\/reiki-usui.bzh\/wp-content\/uploads\/2019\/12\/reiki-kanji-ancien-2.jpg 762w\" sizes=\"(max-width: 520px) 100vw, 520px\" \/><\/figure><div class=\"wp-block-media-text__content\">\n<ul><li><strong>Rei<\/strong> : signifie \u00ab&nbsp;spirituel&nbsp;\u00bb ou \u00ab&nbsp;sacr\u00e9&nbsp;\u00bb. Prononciation avec un R \u00ab&nbsp;roul\u00e9&nbsp;\u00bb donc plus proche d\u2019un L.<\/li><\/ul>\n\n\n\n<p><\/p>\n\n\n\n<ul><li><strong>Ki<\/strong>&nbsp;: signifie \u00ab&nbsp;\u00e9nergie&nbsp;\u00bb. En Asie, tout est \u00e9nergie. Elle est donc universelle.<\/li><\/ul>\n<\/div><\/div>\n\n\n\n<p>Il s\u2019agit donc de l\u2019\u00e9nergie spirituelle ou \u00e9nergie sacr\u00e9e (encore appel\u00e9e \u00c9nergie Universelle en occident avant qu\u2019on ne red\u00e9couvre l\u2019aspect fortement spirituel du Reiki). Ce mot d\u00e9signe \u00e0 l\u2019origine l\u2019\u00e9nergie elle-m\u00eame, mais en Occident, par un glissement de sens, il d\u00e9signe \u00e9galement tout le syst\u00e8me de soin bas\u00e9 sur cette \u00e9nergie.<\/p>\n\n\n\n<p>Dans cette formation, nous essaierons de nous rapprocher de ce que, apr\u00e8s maints lectures et enseignements, je pense \u00eatre ce qui se rapproche le plus de la Voie spirituelle authentique de Mikao Usui.<\/p>\n\n\n\n<p>Ici, nous n\u2019entendrons pas parler de notions issues du mouvement New Age des ann\u00e9es 60-70, telles que les \u00ab&nbsp;guides&nbsp;\u00bb (fussent-ils des \u00ab&nbsp;guides Reiki&nbsp;\u00bb), les Ma\u00eetres ascensionn\u00e9s, le channeling, les esprits, les signes etc.<\/p>\n\n\n\n<p>Ici nous parlerons d\u2019\u00e9volution spirituelle personnelle, d\u2019Unit\u00e9 et d\u2019Union avec l\u2019\u00c9nergie Universelle, et du fond culturel qui a vu \u00e9clore le Reiki, entre autre le&nbsp;bouddhisme, dont le zen.<\/p>\n\n\n\n<p>Ici nous parlerons de ce que vous pouvez vous apporter vous-m\u00eame, aux plans \u00e9nerg\u00e9tiques et spirituel, et un peu, un peu seulement, des soins \u00e0 donner aux autres : Vous l\u2019aurez compris, je ne vous pousserai pas vers les soins \u00e0 autrui en tant qu\u2019activit\u00e9 commerciale.<\/p>\n\n\n\n<p><em><strong>Pourquoi&nbsp;?<\/strong><\/em><\/p>\n\n\n\n<ul><li>Parce que Mikao Usui parlait essentiellement de d\u00e9veloppement spirituel, donc d&rsquo;un chemin personnel.<\/li><li>Parce que recevoir un soin est un plus quand on est d\u00e9j\u00e0 initi\u00e9. Mais si on ne l\u2019est pas, ce n\u2019est qu\u2019une b\u00e9quille permettant de passer les moments difficiles. Or une b\u00e9quille n\u2019est utile que si on ne peut avancer seul, et alors seulement une aide ext\u00e9rieure est n\u00e9cessaire. Mais cela ne saurait \u00eatre que provisoire&nbsp;! Il faut ensuite apprendre \u00e0 marcher seul, sur ses deux jambes&nbsp;! La formation devient donc n\u00e9cessaire.<\/li><\/ul>\n\n\n\n<p>Faire des soins r\u00e9guliers \u00e0 quelqu\u2019un qui en a besoin n\u2019est pas forc\u00e9ment lui rendre service, c\u2019est le maintenir dans un \u00e9tat de d\u00e9pendance et d\u2019incompl\u00e9tude&nbsp;! Vous connaissez tous le proverbe&nbsp;:<\/p>\n\n\n\n<p style=\"text-align:center\"><strong>\u00ab&nbsp;si tu donnes un poisson \u00e0 un humain, il mangera un jour, si tu lui apprends \u00e0 p\u00eacher, il mangera toujours&nbsp;\u00bb.<\/strong><\/p>\n\n\n\n<p>Il prend ici tout son sens. Ne nourrissez pas votre ego en maintenant l\u2019Autre dans un \u00e9tat de d\u00e9pendance vis \u00e0 vis de vous.<\/p>\n\n\n\n<h4 class=\"wp-block-heading\">Quel en est le principe ?<\/h4>\n\n\n\n<p>L\u2019\u00e9nergie est cens\u00e9e circuler librement au travers du corps, tel le flux tranquille d\u2019une rivi\u00e8re. Les peurs, la col\u00e8re, les traumatismes physiques ou psycho-\u00e9motionnels sont des cailloux ou des rochers qui viennent entraver l\u2019\u00e9coulement naturel de la rivi\u00e8re. Le traitement Reiki a pour but de r\u00e9tablir cette libre circulation en att\u00e9nuant les blocages et doit renforcer le flux afin de permettre \u00e0 la force naturelle de l\u2019eau de pousser les petits cailloux et maintenir un lit de rivi\u00e8re d\u00e9gag\u00e9.<\/p>\n\n\n\n<figure class=\"wp-block-image\"><img loading=\"lazy\" decoding=\"async\" width=\"960\" height=\"640\" src=\"http:\/\/reiki-usui.bzh\/wp-content\/uploads\/2019\/12\/20056C39-424A-4BB5-9979-BCF09F05B1C9.jpeg\" alt=\"\" class=\"wp-image-16\" srcset=\"https:\/\/reiki-usui.bzh\/wp-content\/uploads\/2019\/12\/20056C39-424A-4BB5-9979-BCF09F05B1C9.jpeg 960w, https:\/\/reiki-usui.bzh\/wp-content\/uploads\/2019\/12\/20056C39-424A-4BB5-9979-BCF09F05B1C9-300x200.jpeg 300w, https:\/\/reiki-usui.bzh\/wp-content\/uploads\/2019\/12\/20056C39-424A-4BB5-9979-BCF09F05B1C9-768x512.jpeg 768w\" sizes=\"(max-width: 960px) 100vw, 960px\" \/><\/figure>\n\n\n\n<p>Le praticien agit comme un catalyseur, c&rsquo;est \u00e0 dire qu&rsquo;il d\u00e9clenche une r\u00e9action chez le receveur par sa seule pr\u00e9sence. Ce n&rsquo;est pas lui qui agit. C&rsquo;est <em>\u00e0 travers<\/em> lui que cela agit. Certains d\u00e9finissent ceci par le fait d&rsquo;\u00eatre simplement un <em>canal<\/em> pour l&rsquo;\u00e9nergie, qui ne fait donc que passer par nous, sans que nous ne la modifiions d&rsquo;une quelconque fa\u00e7on. Nous canalisons l&rsquo;\u00e9nergie et\/ou nous r\u00e9harmonisons le receveur avec la fr\u00e9quence de l&rsquo;Energie Universelle.<\/p>\n\n\n\n<h4 class=\"wp-block-heading\">D\u2019o\u00f9 vient l\u2019\u00e9nergie lorsque nous donnons du Reiki&nbsp;?<\/h4>\n\n\n\n<p>L\u2019\u00e9nergie vient-elle de l\u2019int\u00e9rieur de nous, de l\u2019ext\u00e9rieur de nous ? Quand les notions pr\u00e9alables de macrocosme-microcosme, d\u2019\u00c9nergie Universelle et d\u2019appartenance \u00e0 un Grand Tout, sont&nbsp;int\u00e9gr\u00e9es cette distinction perd son sens. Nous faisons partie int\u00e9grante de l\u2019\u00c9nergie Universelle, et c\u2019est en se reconnectant \u00e0 ce Grand Tout que nous nous r\u00e9harmonisons, et permettons \u00e0 la personne qui re\u00e7oit le soin de Reiki de se r\u00e9harmoniser \u00e9galement. Nous nous \u00ab&nbsp;accordons&nbsp;\u00bb \u00e0 la m\u00eame vibration.<\/p>\n\n\n\n<h4 class=\"wp-block-heading\">Quels sont les effets du Reiki ?<\/h4>\n\n\n\n<p>L&rsquo;effet le plus habituellement ressenti est un apaisement profond. Il est int\u00e9ressant lors d&rsquo;une s\u00e9ance re\u00e7ue, mais, comme nous le disions plus haut, l&rsquo;am\u00e9lioration profonde est obtenue surtout par les harmonisations re\u00e7ues lors de la formation et les soins r\u00e9guliers que nous nous donnons nous-m\u00eame ensuite.<\/p>\n\n\n\n<p>Le stress \u00e9tant la cause de nombreux troubles, il est \u00e9vident que l&rsquo;apaisement pourra am\u00e9liorer de nombreux troubles fonctionnels qui lui sont li\u00e9s.<\/p>\n\n\n\n<p>En g\u00e9n\u00e9ral les receveurs (et particulierement les personnes qui ont suivi le premier degr\u00e9 et mis en place les auto-traitements) se sentent plus ancr\u00e9es et centr\u00e9es. Plus stable \u00e9motionnellement.<\/p>\n\n\n\n<figure class=\"wp-block-image\"><img loading=\"lazy\" decoding=\"async\" width=\"731\" height=\"1024\" src=\"http:\/\/reiki-usui.bzh\/wp-content\/uploads\/2019\/12\/image-arbre-racine-yoga-ancrage-731x1024.jpg\" alt=\"\" class=\"wp-image-17\" srcset=\"https:\/\/reiki-usui.bzh\/wp-content\/uploads\/2019\/12\/image-arbre-racine-yoga-ancrage-731x1024.jpg 731w, https:\/\/reiki-usui.bzh\/wp-content\/uploads\/2019\/12\/image-arbre-racine-yoga-ancrage-214x300.jpg 214w, https:\/\/reiki-usui.bzh\/wp-content\/uploads\/2019\/12\/image-arbre-racine-yoga-ancrage-768x1076.jpg 768w, https:\/\/reiki-usui.bzh\/wp-content\/uploads\/2019\/12\/image-arbre-racine-yoga-ancrage.jpg 1200w\" sizes=\"(max-width: 731px) 100vw, 731px\" \/><\/figure>\n","protected":false},"excerpt":{"rendered":"<p>Qu&rsquo;est-ce que le Reiki ? Le Reiki est une Voie d&rsquo;\u00e9volution spirituelle et \u00e9nerg\u00e9tique formalis\u00e9e par Mikao Usui au d\u00e9but du XX\u00e8me si\u00e8cle au Japon. Cette m\u00e9thode permet, notamment par l\u2019imposition des mains, de se reconnecter \u00e0 l\u2019\u00c9nergie Universelle, de \u00ab\u00a0s\u2019accorder \u00e0 la m\u00eame fr\u00e9quence\u00a0\u00bb, afin de recouvrer la vitalit\u00e9 permettant d\u2019activer le processus naturel [&hellip;]<\/p>\n","protected":false},"author":1,"featured_media":0,"parent":0,"menu_order":0,"comment_status":"closed","ping_status":"closed","template":"","meta":{"footnotes":""},"_links":{"self":[{"href":"https:\/\/reiki-usui.bzh\/index.php\/wp-json\/wp\/v2\/pages\/15"}],"collection":[{"href":"https:\/\/reiki-usui.bzh\/index.php\/wp-json\/wp\/v2\/pages"}],"about":[{"href":"https:\/\/reiki-usui.bzh\/index.php\/wp-json\/wp\/v2\/types\/page"}],"author":[{"embeddable":true,"href":"https:\/\/reiki-usui.bzh\/index.php\/wp-json\/wp\/v2\/users\/1"}],"replies":[{"embeddable":true,"href":"https:\/\/reiki-usui.bzh\/index.php\/wp-json\/wp\/v2\/comments?post=15"}],"version-history":[{"count":3,"href":"https:\/\/reiki-usui.bzh\/index.php\/wp-json\/wp\/v2\/pages\/15\/revisions"}],"predecessor-version":[{"id":88,"href":"https:\/\/reiki-usui.bzh\/index.php\/wp-json\/wp\/v2\/pages\/15\/revisions\/88"}],"wp:attachment":[{"href":"https:\/\/reiki-usui.bzh\/index.php\/wp-json\/wp\/v2\/media?parent=15"}],"curies":[{"name":"wp","href":"https:\/\/api.w.org\/{rel}","templated":true}]}}