{"id":8,"date":"2019-12-15T16:31:31","date_gmt":"2019-12-15T15:31:31","guid":{"rendered":"http:\/\/reiki-usui.bzh\/?page_id=8"},"modified":"2020-10-24T16:53:18","modified_gmt":"2020-10-24T14:53:18","slug":"se-former","status":"publish","type":"page","link":"https:\/\/reiki-usui.bzh\/index.php\/se-former\/","title":{"rendered":"Se former ?"},"content":{"rendered":"\n<h4 class=\"wp-block-heading\">A qui s&rsquo;adresse cette formation ?<\/h4>\n\n\n\n<p>Le but premier de ces formations est de s&rsquo;adresser \u00e0 deux populations distinctes :<\/p>\n\n\n\n<ul><li><strong><em>D&rsquo;un c\u00f4t\u00e9 des particuliers ayant des tensions<\/em><\/strong> et douleurs dues au stress. Cette formation a pour but de vous apporter une m\u00e9thode simple et efficace de lib\u00e9ration \u00e9motionnelle. Cela vous rend plus autonome, et limite la r\u00e9cidive des troubles dus au stress.<\/li><li><strong><em>D&rsquo;un autre c\u00f4t\u00e9 des praticiens de sant\u00e9<\/em><\/strong> (kin\u00e9, ost\u00e9o, infirmi\u00e8re, m\u00e9decin&#8230;) qui souhaitent une aide dans la gestion du stress inh\u00e9rent \u00e0 leur pratique, mais aussi d\u00e9velopper une qualit\u00e9 d&rsquo;accueil et d&rsquo;\u00e9coute accrue, ainsi que l&rsquo;amorce d&rsquo;une Voie d&rsquo;\u00e9volution spirituelle simple et pourtant tr\u00e8s riche.<\/li><\/ul>\n\n\n\n<h4 class=\"wp-block-heading\">En quoi consiste la formation ?<\/h4>\n\n\n\n<p>La transmission se fait de Ma\u00eetre \u00e0 Apprenti de mani\u00e8re traditionnelle, ainsi que dans beaucoup de traditions de par le Monde, initialement en trois degr\u00e9s. A chaque degr\u00e9 vous recevrez l&rsquo;harmonisation \u00e9nerg\u00e9tique correspondante.<\/p>\n\n\n\n<h5 class=\"wp-block-heading\"><strong>1-\nPremier degr\u00e9&nbsp;:<\/strong><\/h5>\n\n\n\n<p>Degr\u00e9 de l\u2019apprentissage des savoirs et pratiques de base. Il s\u2019agit de s\u2019entra\u00eener au maniement des premiers \u00ab\u00a0outils\u00a0\u00bb qui sont mis \u00e0 votre disposition par le Reiki. C\u2019est l\u2019occasion d\u2019un premier travail spirituel, d\u2019une descente au plus profond de soi. Ce degr\u00e9 est v\u00e9ritablement centr\u00e9 sur soi-m\u00eame.<\/p>\n\n\n\n<p>Vous apprendrez l&rsquo;ancrage, le centrage et la connexion, pr\u00e9alables indispensables. Puis vous appr\u00e9henderez l&rsquo;auto-traitement qui sera la base de votre travail individuel dans les mois d&rsquo;attente du second degr\u00e9. Une pratique m\u00e9ditative, orient\u00e9e sur l&rsquo;accroissement \u00e9nerg\u00e9tique, sera initi\u00e9e. Enfin, les cinq pr\u00e9ceptes du reiki vous seront communiqu\u00e9s, et nous les commenterons ensemble.<\/p>\n\n\n\n<p>Certain s\u2019arr\u00eateront l\u00e0, soit parce que ce n\u2019est pas pour eux, soit parce que ce n\u2019est pas le moment. D\u2019autres poursuivront. Il me semble personnellement que les deux premiers degr\u00e9s forment un tout qu\u2019il serait dommage de laisser incomplet. En effet, les symboles du second degr\u00e9 renforcent consid\u00e9rablement les effets et ressentis \u00e0 peine aper\u00e7us au premier degr\u00e9.<\/p>\n\n\n\n<p><em><strong>En pratique :<\/strong><\/em> Le stage se d\u00e9roule en petit groupe de quatre \u00e0 six apprenants, sur deux jours de sept \u00e0 huit heures chacun. Nous d\u00e9jeunons ensemble le midi sur le principe de l&rsquo;Auberge Espagnole. Les formations ont g\u00e9n\u00e9ralement lieu les samedi-dimanche. Il vous est fourni un support de cours d&rsquo;une cinquantaine de pages reli\u00e9es. La formation comprend \u00e9galement l&rsquo;acc\u00e8s \u00e9lectronique \u00e0 une vingtaine de documents sur le Reiki. Vous pourrez ensuite avoir acc\u00e8s \u00e0 un groupe Facebook priv\u00e9 permettant de poursuivre entre nous tous nos \u00e9changes sur les doutes ou questionnements que vous pourriez \u00e9prouver dans les mois qui suivent la formation.  <br>Un certificat attestant de la formation vous sera remis en fin de stage. Le tarif du premier degr\u00e9 est de 200 \u20ac<\/p>\n\n\n\n<h5 class=\"wp-block-heading\"><strong>2-\nSecond degr\u00e9&nbsp;:<\/strong><\/h5>\n\n\n\n<p>C\u2019est le degr\u00e9 de compagnonnage (au sens strict&nbsp;: c\u2019est le moment de l\u2019itin\u00e9rance \u00e9ducative, de la mise en commun du pain qui nous nourrit, et du travail sur autrui). Le travail sur Autrui peut commencer.<\/p>\n\n\n\n<p>Mais la base reste fondamentalement un travail sur soi, plus subtil et plus puissant qu&rsquo;au premier degr\u00e9 gr\u00e2ce \u00e0 la d\u00e9couverte des trois premiers symboles. Le premier symbole permet d&rsquo;augmenter la concentration de l&rsquo;\u00e9nergie en un point donn\u00e9. Le second symbole permet un travail \u00e9nerg\u00e9tique plus en lien avec l\u2019\u00e9motionnel, le troisi\u00e8me symbole permet un travail \u00e0 distance. La pratique m\u00e9ditative sera approfondie.<\/p>\n\n\n\n<p><em><strong>En pratique :<\/strong><\/em> Le stage se d\u00e9roule en petit groupe de quatre \u00e0 six apprenants, sur deux jours de sept \u00e0 huit heures chacun. Nous d\u00e9jeunons ensemble le midi sur le principe de l&rsquo;Auberge Espagnole.  Les formations ont g\u00e9n\u00e9ralement lieu les samedi-dimanche. Il vous est fourni un support de cours d&rsquo;une cinquantaine de pages reli\u00e9es. La formation comprend \u00e9galement l&rsquo;acc\u00e8s \u00e9lectronique \u00e0 une vingtaine de documents sur le Reiki. Vous pourrez ensuite avoir acc\u00e8s \u00e0 un groupe Facebook priv\u00e9 permettant de poursuivre entre nous tous nos \u00e9changes sur les doutes ou questionnements que vous pourriez \u00e9prouver dans les mois qui suivent la formation. <br>Un certificat attestant de la formation vous sera remis en fin de stage. Le tarif du second degr\u00e9 est de 200 \u20ac <\/p>\n\n\n\n<h5 class=\"wp-block-heading\"><strong>3-\nTroisi\u00e8me degr\u00e9&nbsp;:<\/strong><\/h5>\n\n\n\n<p>C\u2019est le degr\u00e9 de la Ma\u00eetrise (Ma\u00eetre Praticien). Non pas celle de l\u2019\u00e9nergie, car le chemin est long encore, mais un d\u00e9but de Ma\u00eetrise de vous-m\u00eame. Vous \u00eates cens\u00e9 avoir d\u00e9j\u00e0 effectu\u00e9 un travail sur vous, \u00e9nerg\u00e9tique et spirituel. Vous \u00eates cens\u00e9s avoir d\u00e9j\u00e0 harmonis\u00e9 beaucoup de blessures et d\u00e9s\u00e9quilibres et avoir fait un pas vers la sagesse. Vous \u00eates cens\u00e9s avancer avec humilit\u00e9 sur le chemin. Vous \u00eates cens\u00e9s \u00eatre conscient que ce n\u2019est que le d\u00e9but, et que ce chemin est sans fin\u00a0!<\/p>\n\n\n\n<p>Le symbole du Ma\u00eetre vous sera communiqu\u00e9. Il permet un retour \u00e0 l&rsquo;unit\u00e9, et un pas de plus vers l&rsquo;Eveil. Les symboles du second degr\u00e9 seront approfondis. Le symbole du C\u0153ur, qui ne fait a priori pas partie de l&rsquo;enseignement originel de Mikao Usui, vous sera transmis \u00e9galement. Il m&rsquo;a \u00e9t\u00e9 transmis et j&rsquo;en ai retir\u00e9 des bienfaits notables. Il vous permettra une expansion du C\u0153ur&#8230; Un des centres \u00e9nerg\u00e9tiques les plus importants !<\/p>\n\n\n\n<p><em><strong>En pratique :<\/strong><\/em> Le stage se fait avec deux apprenants seulement, sur deux jours de sept \u00e0 huit heures chacun. Nous d\u00e9jeunons ensemble le midi sur le principe de l&rsquo;Auberge Espagnole.  Les formations ont g\u00e9n\u00e9ralement lieu les samedi-dimanche. Il vous est fourni un support de cours d&rsquo;une cinquantaine de pages reli\u00e9es. La formation comprend \u00e9galement l&rsquo;acc\u00e8s \u00e9lectronique \u00e0 une vingtaine de documents sur le Reiki. Vous pourrez ensuite avoir acc\u00e8s \u00e0 un groupe Facebook priv\u00e9 permettant de poursuivre entre nous tous nos \u00e9changes sur les doutes ou questionnements que vous pourriez \u00e9prouver dans les mois qui suivent la formation. <br>Un certificat attestant de la formation vous sera remis en fin de stage. Le tarif du troisi\u00e8me degr\u00e9 est de 350 \u20ac <\/p>\n\n\n\n<h5 class=\"wp-block-heading\"><strong>4-\nQuatri\u00e8me degr\u00e9&nbsp;:<\/strong><\/h5>\n\n\n\n<p>Un\ndernier degr\u00e9 a \u00e9t\u00e9 finalement rajout\u00e9 afin de scinder le degr\u00e9\nde Ma\u00eetre en deux&nbsp;: Ma\u00eetre Praticien, qui permet de poursuivre\nson \u00e9volution spirituelle et \u00e9nerg\u00e9tique, et Ma\u00eetre Enseignant,\nqui permet d\u2019avoir les capacit\u00e9 \u00e0 transmettre \u00e0 son tour les\nharmonisations.<\/p>\n\n\n\n<p>Ceci\npermet \u00e9galement de diminuer le co\u00fbt de la Ma\u00eetrise, afin que\nchacun puisse aller au bout de son cheminement personnel, m\u00eame s\u2019il\nn\u2019envisage pas d\u2019enseigner par la suite.<\/p>\n\n\n\n<p>Cela permet aussi de s&rsquo;assurer que ceux qui souhaitent s&rsquo;engager dans la transmission aient suffisamment int\u00e9gr\u00e9 la pratique et l\u2019Esprit du Reiki.<\/p>\n\n\n\n<p><em><strong>En pratique :<\/strong><\/em>  Le stage se d\u00e9roule en formation individuelle (exceptionnellement \u00e0 deux), sur deux jours de sept \u00e0 huit heures chacun. Nous d\u00e9jeunons ensemble le midi sur le principe de l&rsquo;Auberge Espagnole.  Les formations ont g\u00e9n\u00e9ralement lieu les samedi-dimanche. Il vous est fourni un support de cours d&rsquo;une cinquantaine de pages reli\u00e9es. La formation comprend \u00e9galement l&rsquo;acc\u00e8s \u00e9lectronique \u00e0 une vingtaine de documents sur le Reiki. Vous pourrez ensuite avoir acc\u00e8s \u00e0 un groupe Facebook priv\u00e9 permettant de poursuivre entre nous tous nos \u00e9changes sur les doutes ou questionnements que vous pourriez \u00e9prouver dans les mois qui suivent la formation <br>Un certificat attestant de la formation vous sera remis en fin de stage. Le tarif du quatri\u00e8me degr\u00e9 est de 800 \u20ac <\/p>\n","protected":false},"excerpt":{"rendered":"<p>A qui s&rsquo;adresse cette formation ? Le but premier de ces formations est de s&rsquo;adresser \u00e0 deux populations distinctes : D&rsquo;un c\u00f4t\u00e9 des particuliers ayant des tensions et douleurs dues au stress. Cette formation a pour but de vous apporter une m\u00e9thode simple et efficace de lib\u00e9ration \u00e9motionnelle. Cela vous rend plus autonome, et limite [&hellip;]<\/p>\n","protected":false},"author":1,"featured_media":0,"parent":0,"menu_order":0,"comment_status":"closed","ping_status":"closed","template":"","meta":{"footnotes":""},"_links":{"self":[{"href":"https:\/\/reiki-usui.bzh\/index.php\/wp-json\/wp\/v2\/pages\/8"}],"collection":[{"href":"https:\/\/reiki-usui.bzh\/index.php\/wp-json\/wp\/v2\/pages"}],"about":[{"href":"https:\/\/reiki-usui.bzh\/index.php\/wp-json\/wp\/v2\/types\/page"}],"author":[{"embeddable":true,"href":"https:\/\/reiki-usui.bzh\/index.php\/wp-json\/wp\/v2\/users\/1"}],"replies":[{"embeddable":true,"href":"https:\/\/reiki-usui.bzh\/index.php\/wp-json\/wp\/v2\/comments?post=8"}],"version-history":[{"count":12,"href":"https:\/\/reiki-usui.bzh\/index.php\/wp-json\/wp\/v2\/pages\/8\/revisions"}],"predecessor-version":[{"id":94,"href":"https:\/\/reiki-usui.bzh\/index.php\/wp-json\/wp\/v2\/pages\/8\/revisions\/94"}],"wp:attachment":[{"href":"https:\/\/reiki-usui.bzh\/index.php\/wp-json\/wp\/v2\/media?parent=8"}],"curies":[{"name":"wp","href":"https:\/\/api.w.org\/{rel}","templated":true}]}}