{"id":96,"date":"2021-11-24T20:27:59","date_gmt":"2021-11-24T19:27:59","guid":{"rendered":"https:\/\/reiki-usui.bzh\/?page_id=96"},"modified":"2022-05-30T14:48:47","modified_gmt":"2022-05-30T12:48:47","slug":"ma-lignee","status":"publish","type":"page","link":"https:\/\/reiki-usui.bzh\/index.php\/ma-lignee\/","title":{"rendered":"Ma lign\u00e9e"},"content":{"rendered":"\n<p>Comme beaucoup de praticiens de Reiki, j&rsquo;ai commenc\u00e9 mon parcours par une lign\u00e9e dont le choix avait plus \u00e0 voir avec la rencontre d&rsquo;un enseignant de confiance qu&rsquo;avec un choix raisonn\u00e9 d&rsquo;une lign\u00e9e pr\u00e9cise (concept qui m&rsquo;\u00e9tait d&rsquo;ailleurs \u00e9tranger).<\/p>\n\n\n\n<p>Les bienfaits ressentis apr\u00e8s les initiations aux deux premiers degr\u00e9s \u00e9taient tellement \u00e9vidents que j&rsquo;ai d\u00e9cid\u00e9 de poursuivre quand le moment serait venu. Mettant \u00e0 profit le temps de l&rsquo;int\u00e9gration et de la pratique de ce qui m&rsquo;avait \u00e9t\u00e9 transmis, je me suis beaucoup renseign\u00e9.<\/p>\n\n\n\n<h2 class=\"wp-block-heading\">La recherche<\/h2>\n\n\n\n<p>Plusieurs incoh\u00e9rences dans l&rsquo;enseignement re\u00e7u initialement m&rsquo;ont incit\u00e9 \u00e0 chercher un autre enseignant pour poursuivre mon chemin. Que ce soit la biographie fantaisiste du fondateur, Mikao Usui, pr\u00e9sent\u00e9 comme th\u00e9ologien chr\u00e9tien (au Japon au d\u00e9but du XX\u00e8me si\u00e8cle !) ou ses soins pr\u00e9sent\u00e9s comme miraculeux, j&rsquo;\u00e9tais circonspect quant \u00e0 l&rsquo;histoire du Reiki telle qu&rsquo;elle m&rsquo;avait \u00e9t\u00e9 pr\u00e9sent\u00e9e. <\/p>\n\n\n\n<p>De m\u00eame, le vocabulaire employ\u00e9 et les notions utilis\u00e9es me semblaient avoir une proximit\u00e9 prononc\u00e9e avec le New Age. J&rsquo;ai d\u00e9couvert par la suite que d&rsquo;autres lign\u00e9es \u00e9taient encore bien plus \u00ab\u00a0fantaisistes\u00a0\u00bb, et bien plus influenc\u00e9es par le New Age. <\/p>\n\n\n\n<p>Tout ce que je lisais des auteurs les plus s\u00e9rieux que je pouvais trouver (Frans Stiene, Patrice Gros, Frank Arjava Petter&#8230;) me menait vers les lign\u00e9es traditionnelles japonaises, plus en ad\u00e9quation avec la spiritualit\u00e9 authentique et la coh\u00e9rence que je recherchais.<\/p>\n\n\n\n<p>Avant de trouver un enseignant qui me conviendrait, j&rsquo;ai re\u00e7u les enseignements jusqu&rsquo;au grade de Ma\u00eetre-Enseignant (IV\u00e8me degr\u00e9) de plusieurs lign\u00e9es (Usui Reiki Ryoho, Reiki Tib\u00e9tain, Reiki Kundalini, Reiki Holy Fire) &#8211; int\u00e9ressantes, mais beaucoup trop occidentalis\u00e9es par les nombreux ajouts New Age. <br>J\u2019ai \u00e9galement quelques \u00e9l\u00e9ments d&rsquo;autres lign\u00e9es (le second degr\u00e9 du Reiki Teate par exemple (avec la pratique des kotodamas).<\/p>\n\n\n\n<p>Puis est venue la d\u00e9couverte du Komyo Reiki !<\/p>\n\n\n\n<p>Tout cet enseignement m&rsquo;a sembl\u00e9 tellement \u00e9vident, logique, coh\u00e9rent que c&rsquo;est celui que j&rsquo;ai d\u00e9cid\u00e9 de faire mien. Et c&rsquo;est la premi\u00e8re lign\u00e9e qui m&rsquo;a donn\u00e9 envie de transmettre \u00e0 mon tour, me sentant enfin en phase avec son contenu.<\/p>\n\n\n\n<h2 class=\"wp-block-heading\">Komyo Reiki<\/h2>\n\n\n\n<p>L&rsquo;\u00e9cole du Reiki Komyo  (\u00ab\u00a0Claire Lumi\u00e8re\u00a0\u00bb) fond\u00e9e par le moine Bouddhiste Hyakuten INAMOTO  provient d&rsquo;une tr\u00e8s courte lign\u00e9e d&rsquo;enseignants japonais qui remonte jusqu&rsquo;\u00e0 Mikao USUI et en perp\u00e9tue l&rsquo;esprit originel.&nbsp;<\/p>\n\n\n\n<p>Le Komyo Reiki, fid\u00e8le \u00e0 l&rsquo;enseignement de Mikao Usui, se concentre plus sur l\u2019aspect spirituel que sur le soin physique. Le bien-\u00eatre spirituel est un pr\u00e9alable n\u00e9cessaire au bien-\u00eatre physique.<\/p>\n\n\n\n<p>Ainsi, le but supr\u00eame du Komyo Reiki est d&rsquo;atteindre <em>Anshin Ritsumei<\/em> (la Grande Paix du C\u0153ur), appel\u00e9 aussi <em>Satori<\/em> ou Illumination. C&rsquo;est un \u00e9tat d\u2019esprit qui permet le d\u00e9tachement et le calme en toute situation. Le Komyo Reiki est une porte vers l&rsquo;\u00e9veil spirituel.<\/p>\n\n\n\n<figure class=\"wp-block-pullquote\"><blockquote><p><strong>\u00ab&nbsp;<em>Pose tes mains, l\u00e2che prise et souri<\/em>s \u00bb<\/strong><\/p><cite>Hyakuten INAMOTO<\/cite><\/blockquote><\/figure>\n\n\n\n<p>Le Reiki Komyo met l&rsquo;accent sur les m\u00e9ditations, sur l&rsquo;\u00e9tat d&rsquo;esprit n\u00e9cessaire \u00e0 la pratique et sur les pr\u00e9ceptes. Les techniques sont pr\u00e9sent\u00e9es dans le style \u00e9pur\u00e9 des origines, sans les ajouts ult\u00e9rieurs qui en ont inutilement compliqu\u00e9 l&rsquo;usage.<\/p>\n\n\n\n<p>En calmant notre esprit, en laissant passer les pens\u00e9es et en demeurant dans une pure pr\u00e9sence, nous permettons \u00e0 l&rsquo;\u00e9nergie du Reiki de circuler en nous et \u00e0 travers nos mains, sans pour cela utiliser notre propre \u00e9nergie.<\/p>\n\n\n\n<h2 class=\"wp-block-heading\">Ma lign\u00e9e<\/h2>\n\n\n\n<p>L&rsquo;enseignement m&rsquo;a \u00e9t\u00e9 transmis individuellement par Pierre VERGEOT (Haubourdin &#8211; Nord-Pas de Calais). Il est un des tous premiers \u00e0 avoir re\u00e7u cet enseignement lors de la V\u00e8me Rencontre Internationale de Reiki au Danemark en septembre 2003. Il lui a \u00e9t\u00e9 transmis directement par Hyakuten INAMOTO le fondateur de la lign\u00e9e Komyo Reiki.<\/p>\n\n\n\n<p>C&rsquo;est Hyakuten INAMOTO, moine bouddhiste japonais de l\u2019\u00e9cole Jodo-shu (\u00e9cole de la Terre Pure), qui a formalis\u00e9 le syst\u00e8me Komyo Reiki en se basant sur les enseignements qu&rsquo;il a re\u00e7u de Chiyoko YAMAGUCHI en 1997 dans les classes hebdomadaires qu&rsquo;elle a donn\u00e9es \u00e0 un nombre restreint de proches pendant plus d&rsquo;une ann\u00e9e.<\/p>\n\n\n\n<p>Chiyoko YAMAGUCHI avait re\u00e7u les premiers enseignements, <em>Shoden<\/em>&nbsp;et <em>Okuden<\/em>, directement de Chujiro HAYASHI, de 1938 \u00e0 1940, lorsqu&rsquo;il effectuait ses visites semestrielles \u00e0 son village. Apr\u00e8s le d\u00e9c\u00e8s de celui-ci, elle re\u00e7u&nbsp;<em>Shinpiden<\/em>&nbsp;par son oncle, Wasaburo SUGANO, qui avait \u00e9galement lui-m\u00eame re\u00e7u l&rsquo;enseignement de <em>Shinpiden<\/em> directement de Chujiro HAYASHI \u00e0 Sakai, pr\u00e8s d&rsquo;Osaka, en 1928. Elle est d\u00e9c\u00e9d\u00e9e le 20 ao\u00fbt 2003 \u00e0 l&rsquo;\u00e2ge de 83 ans. <\/p>\n\n\n\n<div class=\"wp-block-image is-style-default\"><figure class=\"aligncenter size-large\"><img loading=\"lazy\" decoding=\"async\" width=\"958\" height=\"496\" src=\"https:\/\/reiki-usui.bzh\/wp-content\/uploads\/2022\/05\/0B617D61-A6D7-4EF6-B757-C90573A3D1ED.jpeg\" alt=\"\" class=\"wp-image-106\" srcset=\"https:\/\/reiki-usui.bzh\/wp-content\/uploads\/2022\/05\/0B617D61-A6D7-4EF6-B757-C90573A3D1ED.jpeg 958w, https:\/\/reiki-usui.bzh\/wp-content\/uploads\/2022\/05\/0B617D61-A6D7-4EF6-B757-C90573A3D1ED-300x155.jpeg 300w, https:\/\/reiki-usui.bzh\/wp-content\/uploads\/2022\/05\/0B617D61-A6D7-4EF6-B757-C90573A3D1ED-768x398.jpeg 768w\" sizes=\"(max-width: 958px) 100vw, 958px\" \/><\/figure><\/div>\n\n\n\n<p><\/p>\n","protected":false},"excerpt":{"rendered":"<p>Comme beaucoup de praticiens de Reiki, j&rsquo;ai commenc\u00e9 mon parcours par une lign\u00e9e dont le choix avait plus \u00e0 voir avec la rencontre d&rsquo;un enseignant de confiance qu&rsquo;avec un choix raisonn\u00e9 d&rsquo;une lign\u00e9e pr\u00e9cise (concept qui m&rsquo;\u00e9tait d&rsquo;ailleurs \u00e9tranger). Les bienfaits ressentis apr\u00e8s les initiations aux deux premiers degr\u00e9s \u00e9taient tellement \u00e9vidents que j&rsquo;ai d\u00e9cid\u00e9 [&hellip;]<\/p>\n","protected":false},"author":1,"featured_media":0,"parent":0,"menu_order":0,"comment_status":"closed","ping_status":"closed","template":"","meta":{"footnotes":""},"_links":{"self":[{"href":"https:\/\/reiki-usui.bzh\/index.php\/wp-json\/wp\/v2\/pages\/96"}],"collection":[{"href":"https:\/\/reiki-usui.bzh\/index.php\/wp-json\/wp\/v2\/pages"}],"about":[{"href":"https:\/\/reiki-usui.bzh\/index.php\/wp-json\/wp\/v2\/types\/page"}],"author":[{"embeddable":true,"href":"https:\/\/reiki-usui.bzh\/index.php\/wp-json\/wp\/v2\/users\/1"}],"replies":[{"embeddable":true,"href":"https:\/\/reiki-usui.bzh\/index.php\/wp-json\/wp\/v2\/comments?post=96"}],"version-history":[{"count":9,"href":"https:\/\/reiki-usui.bzh\/index.php\/wp-json\/wp\/v2\/pages\/96\/revisions"}],"predecessor-version":[{"id":111,"href":"https:\/\/reiki-usui.bzh\/index.php\/wp-json\/wp\/v2\/pages\/96\/revisions\/111"}],"wp:attachment":[{"href":"https:\/\/reiki-usui.bzh\/index.php\/wp-json\/wp\/v2\/media?parent=96"}],"curies":[{"name":"wp","href":"https:\/\/api.w.org\/{rel}","templated":true}]}}